{"id":9746,"date":"2022-06-15T15:28:09","date_gmt":"2022-06-15T15:28:09","guid":{"rendered":"https:\/\/riversa.net\/accueil\/"},"modified":"2025-05-19T10:14:11","modified_gmt":"2025-05-19T10:14:11","slug":"accueil","status":"publish","type":"page","link":"https:\/\/riversa.net\/fr\/","title":{"rendered":"Accueil"},"content":{"rendered":"","protected":false},"excerpt":{"rendered":"","protected":false},"author":1,"featured_media":0,"parent":0,"menu_order":0,"comment_status":"closed","ping_status":"closed","template":"","meta":{"footnotes":""},"class_list":["post-9746","page","type-page","status-publish","hentry"],"yoast_head":"<!-- This site is optimized with the Yoast SEO plugin v24.8.1 - https:\/\/yoast.com\/wordpress\/plugins\/seo\/ -->\n<title>Rivera | Fabricant de panneaux, Plans de travail et Postforming<\/title>\n<meta name=\"description\" content=\"Nous fabriquons des panneaux, des plans de travail, des \u00e9l\u00e9ments de postforming rev\u00eatus de HPL et des panneaux avec poign\u00e9e int\u00e9gr\u00e9e (profil J) en m\u00e9lamine et HPL. Depuis 1993 \u00e0 vos c\u00f4t\u00e9s.\" \/>\n<meta name=\"robots\" content=\"index, follow, max-snippet:-1, max-image-preview:large, max-video-preview:-1\" \/>\n<link rel=\"canonical\" href=\"https:\/\/riversa.net\/fr\/\" \/>\n<meta property=\"og:locale\" content=\"fr_FR\" \/>\n<meta property=\"og:type\" content=\"article\" \/>\n<meta property=\"og:title\" content=\"Rivera | Fabricant de panneaux, Plans de travail et Postforming\" \/>\n<meta property=\"og:description\" content=\"Nous fabriquons des panneaux, des plans de travail, des \u00e9l\u00e9ments de postforming rev\u00eatus de HPL et des panneaux avec poign\u00e9e int\u00e9gr\u00e9e (profil J) en m\u00e9lamine et HPL. Depuis 1993 \u00e0 vos c\u00f4t\u00e9s.\" \/>\n<meta property=\"og:url\" content=\"https:\/\/riversa.net\/fr\/\" \/>\n<meta property=\"og:site_name\" content=\"Riversa\" \/>\n<meta property=\"article:modified_time\" content=\"2025-05-19T10:14:11+00:00\" \/>\n<meta property=\"og:image\" content=\"https:\/\/riversa.net\/wp-content\/uploads\/2022\/08\/rrss_riversa-1024x538.jpg\" \/>\n<meta name=\"twitter:card\" content=\"summary_large_image\" \/>\n<meta name=\"twitter:label1\" content=\"Dur\u00e9e de lecture estim\u00e9e\" \/>\n\t<meta name=\"twitter:data1\" content=\"2 minutes\" \/>\n<script type=\"application\/ld+json\" class=\"yoast-schema-graph\">{\"@context\":\"https:\/\/schema.org\",\"@graph\":[{\"@type\":\"WebPage\",\"@id\":\"https:\/\/riversa.net\/fr\/\",\"url\":\"https:\/\/riversa.net\/fr\/\",\"name\":\"Rivera | Fabricant de panneaux, Plans de travail et Postforming\",\"isPartOf\":{\"@id\":\"https:\/\/riversa.net\/fr\/#website\"},\"datePublished\":\"2022-06-15T15:28:09+00:00\",\"dateModified\":\"2025-05-19T10:14:11+00:00\",\"description\":\"Nous fabriquons des panneaux, des plans de travail, des \u00e9l\u00e9ments de postforming rev\u00eatus de HPL et des panneaux avec poign\u00e9e int\u00e9gr\u00e9e (profil J) en m\u00e9lamine et HPL. Depuis 1993 \u00e0 vos c\u00f4t\u00e9s.\",\"breadcrumb\":{\"@id\":\"https:\/\/riversa.net\/fr\/#breadcrumb\"},\"inLanguage\":\"fr-FR\",\"potentialAction\":[{\"@type\":\"ReadAction\",\"target\":[\"https:\/\/riversa.net\/fr\/\"]}]},{\"@type\":\"BreadcrumbList\",\"@id\":\"https:\/\/riversa.net\/fr\/#breadcrumb\",\"itemListElement\":[{\"@type\":\"ListItem\",\"position\":1,\"name\":\"Portada\",\"item\":\"https:\/\/riversa.net\/fr\/\"},{\"@type\":\"ListItem\",\"position\":2,\"name\":\"Accueil\"}]},{\"@type\":\"WebSite\",\"@id\":\"https:\/\/riversa.net\/fr\/#website\",\"url\":\"https:\/\/riversa.net\/fr\/\",\"name\":\"Riversa\",\"description\":\"Riversa Postformados La Ribera\",\"potentialAction\":[{\"@type\":\"SearchAction\",\"target\":{\"@type\":\"EntryPoint\",\"urlTemplate\":\"https:\/\/riversa.net\/fr\/?s={search_term_string}\"},\"query-input\":{\"@type\":\"PropertyValueSpecification\",\"valueRequired\":true,\"valueName\":\"search_term_string\"}}],\"inLanguage\":\"fr-FR\"}]}<\/script>\n<!-- \/ Yoast SEO plugin. -->","yoast_head_json":{"title":"Rivera | Fabricant de panneaux, Plans de travail et Postforming","description":"Nous fabriquons des panneaux, des plans de travail, des \u00e9l\u00e9ments de postforming rev\u00eatus de HPL et des panneaux avec poign\u00e9e int\u00e9gr\u00e9e (profil J) en m\u00e9lamine et HPL. Depuis 1993 \u00e0 vos c\u00f4t\u00e9s.","robots":{"index":"index","follow":"follow","max-snippet":"max-snippet:-1","max-image-preview":"max-image-preview:large","max-video-preview":"max-video-preview:-1"},"canonical":"https:\/\/riversa.net\/fr\/","og_locale":"fr_FR","og_type":"article","og_title":"Rivera | Fabricant de panneaux, Plans de travail et Postforming","og_description":"Nous fabriquons des panneaux, des plans de travail, des \u00e9l\u00e9ments de postforming rev\u00eatus de HPL et des panneaux avec poign\u00e9e int\u00e9gr\u00e9e (profil J) en m\u00e9lamine et HPL. Depuis 1993 \u00e0 vos c\u00f4t\u00e9s.","og_url":"https:\/\/riversa.net\/fr\/","og_site_name":"Riversa","article_modified_time":"2025-05-19T10:14:11+00:00","og_image":[{"url":"https:\/\/riversa.net\/wp-content\/uploads\/2022\/08\/rrss_riversa-1024x538.jpg","type":"","width":"","height":""}],"twitter_card":"summary_large_image","twitter_misc":{"Dur\u00e9e de lecture estim\u00e9e":"2 minutes"},"schema":{"@context":"https:\/\/schema.org","@graph":[{"@type":"WebPage","@id":"https:\/\/riversa.net\/fr\/","url":"https:\/\/riversa.net\/fr\/","name":"Rivera | Fabricant de panneaux, Plans de travail et Postforming","isPartOf":{"@id":"https:\/\/riversa.net\/fr\/#website"},"datePublished":"2022-06-15T15:28:09+00:00","dateModified":"2025-05-19T10:14:11+00:00","description":"Nous fabriquons des panneaux, des plans de travail, des \u00e9l\u00e9ments de postforming rev\u00eatus de HPL et des panneaux avec poign\u00e9e int\u00e9gr\u00e9e (profil J) en m\u00e9lamine et HPL. Depuis 1993 \u00e0 vos c\u00f4t\u00e9s.","breadcrumb":{"@id":"https:\/\/riversa.net\/fr\/#breadcrumb"},"inLanguage":"fr-FR","potentialAction":[{"@type":"ReadAction","target":["https:\/\/riversa.net\/fr\/"]}]},{"@type":"BreadcrumbList","@id":"https:\/\/riversa.net\/fr\/#breadcrumb","itemListElement":[{"@type":"ListItem","position":1,"name":"Portada","item":"https:\/\/riversa.net\/fr\/"},{"@type":"ListItem","position":2,"name":"Accueil"}]},{"@type":"WebSite","@id":"https:\/\/riversa.net\/fr\/#website","url":"https:\/\/riversa.net\/fr\/","name":"Riversa","description":"Riversa Postformados La Ribera","potentialAction":[{"@type":"SearchAction","target":{"@type":"EntryPoint","urlTemplate":"https:\/\/riversa.net\/fr\/?s={search_term_string}"},"query-input":{"@type":"PropertyValueSpecification","valueRequired":true,"valueName":"search_term_string"}}],"inLanguage":"fr-FR"}]}},"_links":{"self":[{"href":"https:\/\/riversa.net\/fr\/wp-json\/wp\/v2\/pages\/9746","targetHints":{"allow":["GET"]}}],"collection":[{"href":"https:\/\/riversa.net\/fr\/wp-json\/wp\/v2\/pages"}],"about":[{"href":"https:\/\/riversa.net\/fr\/wp-json\/wp\/v2\/types\/page"}],"author":[{"embeddable":true,"href":"https:\/\/riversa.net\/fr\/wp-json\/wp\/v2\/users\/1"}],"replies":[{"embeddable":true,"href":"https:\/\/riversa.net\/fr\/wp-json\/wp\/v2\/comments?post=9746"}],"version-history":[{"count":5,"href":"https:\/\/riversa.net\/fr\/wp-json\/wp\/v2\/pages\/9746\/revisions"}],"predecessor-version":[{"id":10974,"href":"https:\/\/riversa.net\/fr\/wp-json\/wp\/v2\/pages\/9746\/revisions\/10974"}],"wp:attachment":[{"href":"https:\/\/riversa.net\/fr\/wp-json\/wp\/v2\/media?parent=9746"}],"curies":[{"name":"wp","href":"https:\/\/api.w.org\/{rel}","templated":true}]}}